{"id":9106,"date":"2025-11-20T13:48:21","date_gmt":"2025-11-20T13:48:21","guid":{"rendered":"https:\/\/www.agridagen.be\/?page_id=9106"},"modified":"2026-02-11T09:44:34","modified_gmt":"2026-02-11T09:44:34","slug":"exposanten-beursreglement","status":"publish","type":"page","link":"https:\/\/www.agridagen.be\/fr\/exposanten-beursreglement\/","title":{"rendered":"Exposants | Informations pratiques"},"content":{"rendered":"<div data-elementor-type=\"wp-page\" data-elementor-id=\"9106\" class=\"elementor elementor-9106\" data-elementor-post-type=\"page\">\n\t\t\t\t\t\t<section class=\"elementor-section elementor-top-section elementor-element elementor-element-60ca94b elementor-section-boxed elementor-section-height-default elementor-section-height-default\" data-id=\"60ca94b\" data-element_type=\"section\" data-e-type=\"section\">\n\t\t\t\t\t\t<div class=\"elementor-container elementor-column-gap-wider\">\n\t\t\t\t\t<div class=\"elementor-column elementor-col-50 elementor-top-column elementor-element elementor-element-8cbee02\" data-id=\"8cbee02\" data-element_type=\"column\" data-e-type=\"column\">\n\t\t\t<div class=\"elementor-widget-wrap elementor-element-populated\">\n\t\t\t\t\t\t<div class=\"elementor-element elementor-element-79ae912 elementor-widget elementor-widget-heading\" data-id=\"79ae912\" data-element_type=\"widget\" data-e-type=\"widget\" data-widget_type=\"heading.default\">\n\t\t\t\t<div class=\"elementor-widget-container\">\n\t\t\t\t\t<h3 class=\"elementor-heading-title elementor-size-default\">R\u00e8glement et manuel de la Bourse 2026<\/h3>\t\t\t\t<\/div>\n\t\t\t\t<\/div>\n\t\t\t\t<div class=\"elementor-element elementor-element-aa8f44b elementor-widget elementor-widget-text-editor\" data-id=\"aa8f44b\" data-element_type=\"widget\" data-e-type=\"widget\" data-widget_type=\"text-editor.default\">\n\t\t\t\t<div class=\"elementor-widget-container\">\n\t\t\t\t\t\t\t\t\t<div class=\"field field-name-body\">\n<p>Vous trouverez tous les d\u00e9tails pratiques concernant votre participation dans le r\u00e8glement et le guide du salon. Pensez \u00e9galement \u00e0 v\u00e9rifier \u00e0 l&#039;avance o\u00f9 vous pourrez vous garer.<\/p>\n<\/div>\t\t\t\t\t\t\t\t<\/div>\n\t\t\t\t<\/div>\n\t\t\t\t<div class=\"elementor-element elementor-element-1599038 elementor-widget elementor-widget-button\" data-id=\"1599038\" data-element_type=\"widget\" data-e-type=\"widget\" data-widget_type=\"button.default\">\n\t\t\t\t<div class=\"elementor-widget-container\">\n\t\t\t\t\t\t\t\t\t<div class=\"elementor-button-wrapper\">\n\t\t\t\t\t<a class=\"elementor-button elementor-button-link elementor-size-sm\" href=\"https:\/\/www.agridagen.be\/wp-content\/uploads\/2025\/11\/Algemeen-reglement-Agridagen-2026.pdf\" target=\"_blank\">\n\t\t\t\t\t\t<span class=\"elementor-button-content-wrapper\">\n\t\t\t\t\t\t\t\t\t<span class=\"elementor-button-text\">r\u00e9glementation boursi\u00e8re<\/span>\n\t\t\t\t\t<\/span>\n\t\t\t\t\t<\/a>\n\t\t\t\t<\/div>\n\t\t\t\t\t\t\t\t<\/div>\n\t\t\t\t<\/div>\n\t\t\t\t<div class=\"elementor-element elementor-element-a5e472c elementor-widget elementor-widget-button\" data-id=\"a5e472c\" data-element_type=\"widget\" data-e-type=\"widget\" data-widget_type=\"button.default\">\n\t\t\t\t<div class=\"elementor-widget-container\">\n\t\t\t\t\t\t\t\t\t<div class=\"elementor-button-wrapper\">\n\t\t\t\t\t<a class=\"elementor-button elementor-button-link elementor-size-sm\" href=\"https:\/\/www.agridagen.be\/wp-content\/uploads\/2025\/11\/Beurshandboek-2026.pdf\" target=\"_blank\">\n\t\t\t\t\t\t<span class=\"elementor-button-content-wrapper\">\n\t\t\t\t\t\t\t\t\t<span class=\"elementor-button-text\">manuel de la bourse<\/span>\n\t\t\t\t\t<\/span>\n\t\t\t\t\t<\/a>\n\t\t\t\t<\/div>\n\t\t\t\t\t\t\t\t<\/div>\n\t\t\t\t<\/div>\n\t\t\t\t<div class=\"elementor-element elementor-element-5a1cf38 elementor-widget elementor-widget-button\" data-id=\"5a1cf38\" data-element_type=\"widget\" data-e-type=\"widget\" data-widget_type=\"button.default\">\n\t\t\t\t<div class=\"elementor-widget-container\">\n\t\t\t\t\t\t\t\t\t<div class=\"elementor-button-wrapper\">\n\t\t\t\t\t<a class=\"elementor-button elementor-button-link elementor-size-sm\" href=\"https:\/\/www.agridagen.be\/wp-content\/uploads\/2026\/02\/Parkeerplan-Agridagen-2026_def.jpg\" target=\"_blank\">\n\t\t\t\t\t\t<span class=\"elementor-button-content-wrapper\">\n\t\t\t\t\t\t\t\t\t<span class=\"elementor-button-text\">Plan de stationnement<\/span>\n\t\t\t\t\t<\/span>\n\t\t\t\t\t<\/a>\n\t\t\t\t<\/div>\n\t\t\t\t\t\t\t\t<\/div>\n\t\t\t\t<\/div>\n\t\t\t\t\t<\/div>\n\t\t<\/div>\n\t\t\t\t<div class=\"elementor-column elementor-col-50 elementor-top-column elementor-element elementor-element-183ea74\" data-id=\"183ea74\" data-element_type=\"column\" data-e-type=\"column\">\n\t\t\t<div class=\"elementor-widget-wrap elementor-element-populated\">\n\t\t\t\t\t\t<div class=\"elementor-element elementor-element-8510731 float-right elementor-widget elementor-widget-shortcode\" data-id=\"8510731\" data-element_type=\"widget\" data-e-type=\"widget\" data-widget_type=\"shortcode.default\">\n\t\t\t\t<div class=\"elementor-widget-container\">\n\t\t\t\t\t\t\t<div class=\"elementor-shortcode\"><div class=\"sponsor-level1\">\n\t<div class=\"sponsor-level1-inner\">\n\t<h5>Sponsor principal<\/h5><div class=\"sponsor-level1-logo\">\n\t\t\t<a href=\"https:\/\/www.agridagen.be\/fr\/\" target=\"_blank\"><img decoding=\"async\" src=\"https:\/\/www.agridagen.be\/wp-content\/uploads\/2023\/12\/Crelan-logo-new.svg\"><\/a>\n\t\t<\/div><\/div>\n<\/div><\/div>\n\t\t\t\t\t\t<\/div>\n\t\t\t\t<\/div>\n\t\t\t\t\t<\/div>\n\t\t<\/div>\n\t\t\t\t\t<\/div>\n\t\t<\/section>\n\t\t\t\t<\/div>","protected":false},"excerpt":{"rendered":"<p>R\u00e8glement et guide du salon 2026 Vous trouverez tous les d\u00e9tails pratiques concernant votre participation dans le r\u00e8glement et le guide du salon. Veuillez \u00e9galement v\u00e9rifier \u00e0 l&#039;avance les possibilit\u00e9s de stationnement. R\u00e8glement du salon Guide du salon Plan de stationnement<\/p>","protected":false},"author":1,"featured_media":0,"parent":0,"menu_order":0,"comment_status":"closed","ping_status":"closed","template":"elementor_header_footer","meta":{"_acf_changed":false,"inline_featured_image":false,"footnotes":""},"class_list":["post-9106","page","type-page","status-publish","hentry"],"acf":[],"yoast_head":"<!-- This site is optimized with the Yoast SEO plugin v27.4 - https:\/\/yoast.com\/product\/yoast-seo-wordpress\/ -->\n<title>Exposanten | Praktische info - Agridagen<\/title>\n<meta name=\"robots\" content=\"index, follow, max-snippet:-1, max-image-preview:large, max-video-preview:-1\" \/>\n<link rel=\"canonical\" href=\"https:\/\/www.agridagen.be\/fr\/exposanten-beursreglement\/\" \/>\n<meta property=\"og:locale\" content=\"fr_FR\" \/>\n<meta property=\"og:type\" content=\"article\" \/>\n<meta property=\"og:title\" content=\"Exposanten | Praktische info - Agridagen\" \/>\n<meta property=\"og:description\" content=\"Beursreglement en -handboek 2026 U kan alle relevante praktische details over uw deelname terugvinden in het beursreglement en het beurshandboek. Bekijk vooraf ook even waar u kan parkeren. Beursreglement Beurshandboek Parkeerplan\" \/>\n<meta property=\"og:url\" content=\"https:\/\/www.agridagen.be\/fr\/exposanten-beursreglement\/\" \/>\n<meta property=\"og:site_name\" content=\"Agridagen\" \/>\n<meta property=\"article:modified_time\" content=\"2026-02-11T09:44:34+00:00\" \/>\n<meta name=\"twitter:card\" content=\"summary_large_image\" \/>\n<meta name=\"twitter:label1\" content=\"Dur\u00e9e de lecture est.\" \/>\n\t<meta name=\"twitter:data1\" content=\"1 minute\" \/>\n<script type=\"application\/ld+json\" class=\"yoast-schema-graph\">{\"@context\":\"https:\\\/\\\/schema.org\",\"@graph\":[{\"@type\":\"WebPage\",\"@id\":\"https:\\\/\\\/www.agridagen.be\\\/exposanten-beursreglement\\\/\",\"url\":\"https:\\\/\\\/www.agridagen.be\\\/exposanten-beursreglement\\\/\",\"name\":\"Exposanten | Praktische info - Agridagen\",\"isPartOf\":{\"@id\":\"https:\\\/\\\/www.agridagen.be\\\/nl\\\/#website\"},\"datePublished\":\"2025-11-20T13:48:21+00:00\",\"dateModified\":\"2026-02-11T09:44:34+00:00\",\"breadcrumb\":{\"@id\":\"https:\\\/\\\/www.agridagen.be\\\/exposanten-beursreglement\\\/#breadcrumb\"},\"inLanguage\":\"fr-BE\",\"potentialAction\":[{\"@type\":\"ReadAction\",\"target\":[\"https:\\\/\\\/www.agridagen.be\\\/exposanten-beursreglement\\\/\"]}]},{\"@type\":\"BreadcrumbList\",\"@id\":\"https:\\\/\\\/www.agridagen.be\\\/exposanten-beursreglement\\\/#breadcrumb\",\"itemListElement\":[{\"@type\":\"ListItem\",\"position\":1,\"name\":\"Home\",\"item\":\"https:\\\/\\\/www.agridagen.be\\\/\"},{\"@type\":\"ListItem\",\"position\":2,\"name\":\"Exposanten | Praktische info\"}]},{\"@type\":\"WebSite\",\"@id\":\"https:\\\/\\\/www.agridagen.be\\\/nl\\\/#website\",\"url\":\"https:\\\/\\\/www.agridagen.be\\\/nl\\\/\",\"name\":\"Agridagen\",\"description\":\"Vakbeurs voor intensieve veeteelt en mechanisatie op erfniveau\",\"potentialAction\":[{\"@type\":\"SearchAction\",\"target\":{\"@type\":\"EntryPoint\",\"urlTemplate\":\"https:\\\/\\\/www.agridagen.be\\\/nl\\\/?s={search_term_string}\"},\"query-input\":{\"@type\":\"PropertyValueSpecification\",\"valueRequired\":true,\"valueName\":\"search_term_string\"}}],\"inLanguage\":\"fr-BE\"}]}<\/script>\n<!-- \/ Yoast SEO plugin. -->","yoast_head_json":{"title":"Exposanten | Praktische info - Agridagen","robots":{"index":"index","follow":"follow","max-snippet":"max-snippet:-1","max-image-preview":"max-image-preview:large","max-video-preview":"max-video-preview:-1"},"canonical":"https:\/\/www.agridagen.be\/fr\/exposanten-beursreglement\/","og_locale":"fr_FR","og_type":"article","og_title":"Exposanten | Praktische info - Agridagen","og_description":"Beursreglement en -handboek 2026 U kan alle relevante praktische details over uw deelname terugvinden in het beursreglement en het beurshandboek. Bekijk vooraf ook even waar u kan parkeren. Beursreglement Beurshandboek Parkeerplan","og_url":"https:\/\/www.agridagen.be\/fr\/exposanten-beursreglement\/","og_site_name":"Agridagen","article_modified_time":"2026-02-11T09:44:34+00:00","twitter_card":"summary_large_image","twitter_misc":{"Dur\u00e9e de lecture est.":"1 minute"},"schema":{"@context":"https:\/\/schema.org","@graph":[{"@type":"WebPage","@id":"https:\/\/www.agridagen.be\/exposanten-beursreglement\/","url":"https:\/\/www.agridagen.be\/exposanten-beursreglement\/","name":"Exposanten | Praktische info - Agridagen","isPartOf":{"@id":"https:\/\/www.agridagen.be\/nl\/#website"},"datePublished":"2025-11-20T13:48:21+00:00","dateModified":"2026-02-11T09:44:34+00:00","breadcrumb":{"@id":"https:\/\/www.agridagen.be\/exposanten-beursreglement\/#breadcrumb"},"inLanguage":"fr-BE","potentialAction":[{"@type":"ReadAction","target":["https:\/\/www.agridagen.be\/exposanten-beursreglement\/"]}]},{"@type":"BreadcrumbList","@id":"https:\/\/www.agridagen.be\/exposanten-beursreglement\/#breadcrumb","itemListElement":[{"@type":"ListItem","position":1,"name":"Home","item":"https:\/\/www.agridagen.be\/"},{"@type":"ListItem","position":2,"name":"Exposanten | Praktische info"}]},{"@type":"WebSite","@id":"https:\/\/www.agridagen.be\/nl\/#website","url":"https:\/\/www.agridagen.be\/nl\/","name":"Agridagen","description":"Salon de l&#039;\u00e9levage intensif et de la m\u00e9canisation \u00e0 la ferme","potentialAction":[{"@type":"SearchAction","target":{"@type":"EntryPoint","urlTemplate":"https:\/\/www.agridagen.be\/nl\/?s={search_term_string}"},"query-input":{"@type":"PropertyValueSpecification","valueRequired":true,"valueName":"search_term_string"}}],"inLanguage":"fr-BE"}]}},"_links":{"self":[{"href":"https:\/\/www.agridagen.be\/fr\/wp-json\/wp\/v2\/pages\/9106","targetHints":{"allow":["GET"]}}],"collection":[{"href":"https:\/\/www.agridagen.be\/fr\/wp-json\/wp\/v2\/pages"}],"about":[{"href":"https:\/\/www.agridagen.be\/fr\/wp-json\/wp\/v2\/types\/page"}],"author":[{"embeddable":true,"href":"https:\/\/www.agridagen.be\/fr\/wp-json\/wp\/v2\/users\/1"}],"replies":[{"embeddable":true,"href":"https:\/\/www.agridagen.be\/fr\/wp-json\/wp\/v2\/comments?post=9106"}],"version-history":[{"count":23,"href":"https:\/\/www.agridagen.be\/fr\/wp-json\/wp\/v2\/pages\/9106\/revisions"}],"predecessor-version":[{"id":9362,"href":"https:\/\/www.agridagen.be\/fr\/wp-json\/wp\/v2\/pages\/9106\/revisions\/9362"}],"wp:attachment":[{"href":"https:\/\/www.agridagen.be\/fr\/wp-json\/wp\/v2\/media?parent=9106"}],"curies":[{"name":"wp","href":"https:\/\/api.w.org\/{rel}","templated":true}]}}