{"id":9363,"date":"2026-02-16T17:58:29","date_gmt":"2026-02-16T17:58:29","guid":{"rendered":"https:\/\/www.agridagen.be\/?page_id=9363"},"modified":"2026-02-17T09:43:52","modified_gmt":"2026-02-17T09:43:52","slug":"programma-dieren","status":"publish","type":"page","link":"https:\/\/www.agridagen.be\/fr\/programma-dieren\/","title":{"rendered":"Programme | Animaux"},"content":{"rendered":"<div data-elementor-type=\"wp-page\" data-elementor-id=\"9363\" class=\"elementor elementor-9363\" data-elementor-post-type=\"page\">\n\t\t\t\t\t\t<section class=\"elementor-section elementor-top-section elementor-element elementor-element-7487a02 elementor-section-boxed elementor-section-height-default elementor-section-height-default\" data-id=\"7487a02\" data-element_type=\"section\" data-e-type=\"section\">\n\t\t\t\t\t\t<div class=\"elementor-container elementor-column-gap-wider\">\n\t\t\t\t\t<div class=\"elementor-column elementor-col-50 elementor-top-column elementor-element elementor-element-e276551\" data-id=\"e276551\" data-element_type=\"column\" data-e-type=\"column\">\n\t\t\t<div class=\"elementor-widget-wrap elementor-element-populated\">\n\t\t\t\t\t\t<div class=\"elementor-element elementor-element-d6d2b2c elementor-widget elementor-widget-heading\" data-id=\"d6d2b2c\" data-element_type=\"widget\" data-e-type=\"widget\" data-widget_type=\"heading.default\">\n\t\t\t\t<div class=\"elementor-widget-container\">\n\t\t\t\t\t<h2 class=\"elementor-heading-title elementor-size-default\">Tout sur les animaux \u00e0 la foire<\/h2>\t\t\t\t<\/div>\n\t\t\t\t<\/div>\n\t\t\t\t<div class=\"elementor-element elementor-element-6f02333 elementor-widget elementor-widget-text-editor\" data-id=\"6f02333\" data-element_type=\"widget\" data-e-type=\"widget\" data-widget_type=\"text-editor.default\">\n\t\t\t\t<div class=\"elementor-widget-container\">\n\t\t\t\t\t\t\t\t\t<p>M\u00eame sans concours bovins, Agridagen continue de proposer une exposition animale attrayante. Diverses associations et entreprises pr\u00e9sentent un m\u00e9lange fascinant d&#039;animaux d&#039;\u00e9levage professionnels et d&#039;animaux de loisir.<\/p>\t\t\t\t\t\t\t\t<\/div>\n\t\t\t\t<\/div>\n\t\t\t\t\t<\/div>\n\t\t<\/div>\n\t\t\t\t<div class=\"elementor-column elementor-col-50 elementor-top-column elementor-element elementor-element-74c5926\" data-id=\"74c5926\" data-element_type=\"column\" data-e-type=\"column\">\n\t\t\t<div class=\"elementor-widget-wrap elementor-element-populated\">\n\t\t\t\t\t\t<div class=\"elementor-element elementor-element-831a094 float-right elementor-widget elementor-widget-shortcode\" data-id=\"831a094\" data-element_type=\"widget\" data-e-type=\"widget\" data-widget_type=\"shortcode.default\">\n\t\t\t\t<div class=\"elementor-widget-container\">\n\t\t\t\t\t\t\t<div class=\"elementor-shortcode\"><div class=\"sponsor-level1\">\n\t<div class=\"sponsor-level1-inner\">\n\t<h5>Sponsor principal<\/h5><div class=\"sponsor-level1-logo\">\n\t\t\t<a href=\"https:\/\/www.agridagen.be\/fr\/\" target=\"_blank\"><img decoding=\"async\" src=\"https:\/\/www.agridagen.be\/wp-content\/uploads\/2023\/12\/Crelan-logo-new.svg\"><\/a>\n\t\t<\/div><\/div>\n<\/div><\/div>\n\t\t\t\t\t\t<\/div>\n\t\t\t\t<\/div>\n\t\t\t\t\t<\/div>\n\t\t<\/div>\n\t\t\t\t\t<\/div>\n\t\t<\/section>\n\t\t\t\t<section class=\"elementor-section elementor-top-section elementor-element elementor-element-e073829 elementor-section-boxed elementor-section-height-default elementor-section-height-default\" data-id=\"e073829\" data-element_type=\"section\" data-e-type=\"section\">\n\t\t\t\t\t\t<div class=\"elementor-container elementor-column-gap-wider\">\n\t\t\t\t\t<div class=\"elementor-column elementor-col-50 elementor-top-column elementor-element elementor-element-9b768f8\" data-id=\"9b768f8\" data-element_type=\"column\" data-e-type=\"column\">\n\t\t\t<div class=\"elementor-widget-wrap elementor-element-populated\">\n\t\t\t\t\t\t<div class=\"elementor-element elementor-element-4ff6a0d elementor-widget elementor-widget-heading\" data-id=\"4ff6a0d\" data-element_type=\"widget\" data-e-type=\"widget\" data-widget_type=\"heading.default\">\n\t\t\t\t<div class=\"elementor-widget-container\">\n\t\t\t\t\t<h4 class=\"elementor-heading-title elementor-size-default\">animaux de loisir d&#039;exposition d&#039;animaux<\/h4>\t\t\t\t<\/div>\n\t\t\t\t<\/div>\n\t\t\t\t<div class=\"elementor-element elementor-element-f1e7211 elementor-icon-list--layout-traditional elementor-list-item-link-full_width elementor-widget elementor-widget-icon-list\" data-id=\"f1e7211\" data-element_type=\"widget\" data-e-type=\"widget\" data-widget_type=\"icon-list.default\">\n\t\t\t\t<div class=\"elementor-widget-container\">\n\t\t\t\t\t\t\t<ul class=\"elementor-icon-list-items\">\n\t\t\t\t\t\t\t<li class=\"elementor-icon-list-item\">\n\t\t\t\t\t\t\t\t\t\t\t<span class=\"elementor-icon-list-icon\">\n\t\t\t\t\t\t\t<i aria-hidden=\"true\" class=\"fas fa-circle\"><\/i>\t\t\t\t\t\t<\/span>\n\t\t\t\t\t\t\t\t\t\t<span class=\"elementor-icon-list-text\"><b>Continu dans le hall 5<\/b><\/span>\n\t\t\t\t\t\t\t\t\t<\/li>\n\t\t\t\t\t\t<\/ul>\n\t\t\t\t\t\t<\/div>\n\t\t\t\t<\/div>\n\t\t\t\t<div class=\"elementor-element elementor-element-c9982e8 elementor-widget elementor-widget-text-editor\" data-id=\"c9982e8\" data-element_type=\"widget\" data-e-type=\"widget\" data-widget_type=\"text-editor.default\">\n\t\t\t\t<div class=\"elementor-widget-container\">\n\t\t\t\t\t\t\t\t\t<p>Il <strong>Studbook belge du cheval miniature (BMP)<\/strong> En plus du spectacle d&#039;hiver (dimanche), la foire organise \u00e9galement une exposition de chevaux miniatures.<br \/><strong>Petits ruminants des Flandres<\/strong> r\u00e9unit six races de moutons.<br \/>De plus, <strong>AnimalWealth<\/strong> Pr\u00e9sente \u00e0 la foire une ferme p\u00e9dagogique et de loisirs locale qui am\u00e8ne une large s\u00e9lection de ses animaux, notamment des alpagas, des ch\u00e8vres et des lapins.<br \/><strong>\u00c9levage amateur &#039;t Vlaminck Veld<\/strong> Elle participe pour la premi\u00e8re fois \u00e0 Agridagen. Elle est sp\u00e9cialis\u00e9e dans l&#039;\u00e9levage d&#039;\u00e2nes miniatures m\u00e9diterran\u00e9ens.<\/p>\t\t\t\t\t\t\t\t<\/div>\n\t\t\t\t<\/div>\n\t\t\t\t\t<\/div>\n\t\t<\/div>\n\t\t\t\t<div class=\"elementor-column elementor-col-50 elementor-top-column elementor-element elementor-element-d69510b\" data-id=\"d69510b\" data-element_type=\"column\" data-e-type=\"column\">\n\t\t\t<div class=\"elementor-widget-wrap elementor-element-populated\">\n\t\t\t\t\t\t<div class=\"elementor-element elementor-element-8a3bcb7 elementor-widget elementor-widget-image\" data-id=\"8a3bcb7\" data-element_type=\"widget\" data-e-type=\"widget\" data-widget_type=\"image.default\">\n\t\t\t\t<div class=\"elementor-widget-container\">\n\t\t\t\t\t\t\t\t\t\t\t\t\t\t\t<img decoding=\"async\" src=\"https:\/\/www.agridagen.be\/wp-content\/uploads\/elementor\/thumbs\/Dierententoonstelling_3-scaled-riyaavt8t3po2xbay2q1ob40oeeav0zopmiq7nenyk.jpg\" title=\"Exposition d&#039;animaux_3\" alt=\"Dierententoonstelling_3\" loading=\"lazy\" \/>\t\t\t\t\t\t\t\t\t\t\t\t\t\t\t<\/div>\n\t\t\t\t<\/div>\n\t\t\t\t\t<\/div>\n\t\t<\/div>\n\t\t\t\t\t<\/div>\n\t\t<\/section>\n\t\t\t\t<section class=\"elementor-section elementor-top-section elementor-element elementor-element-404940a elementor-reverse-tablet elementor-reverse-mobile elementor-section-boxed elementor-section-height-default elementor-section-height-default\" data-id=\"404940a\" data-element_type=\"section\" data-e-type=\"section\">\n\t\t\t\t\t\t<div class=\"elementor-container elementor-column-gap-wider\">\n\t\t\t\t\t<div class=\"elementor-column elementor-col-50 elementor-top-column elementor-element elementor-element-c382a6c\" data-id=\"c382a6c\" data-element_type=\"column\" data-e-type=\"column\">\n\t\t\t<div class=\"elementor-widget-wrap elementor-element-populated\">\n\t\t\t\t\t\t<div class=\"elementor-element elementor-element-88eed26 elementor-widget elementor-widget-image\" data-id=\"88eed26\" data-element_type=\"widget\" data-e-type=\"widget\" data-widget_type=\"image.default\">\n\t\t\t\t<div class=\"elementor-widget-container\">\n\t\t\t\t\t\t\t\t\t\t\t\t\t\t\t<img decoding=\"async\" src=\"https:\/\/www.agridagen.be\/wp-content\/uploads\/elementor\/thumbs\/52179977281_2fbf41a626_k-riyb4vtsxqs4mvqirjkdr8kn84j1j939u43mmkxbd8.jpg\" title=\"52179977281_2fbf41a626_k\" alt=\"52179977281_2fbf41a626_k\" loading=\"lazy\" \/>\t\t\t\t\t\t\t\t\t\t\t\t\t\t\t<\/div>\n\t\t\t\t<\/div>\n\t\t\t\t\t<\/div>\n\t\t<\/div>\n\t\t\t\t<div class=\"elementor-column elementor-col-50 elementor-top-column elementor-element elementor-element-ce378a5\" data-id=\"ce378a5\" data-element_type=\"column\" data-e-type=\"column\">\n\t\t\t<div class=\"elementor-widget-wrap elementor-element-populated\">\n\t\t\t\t\t\t<div class=\"elementor-element elementor-element-d977617 elementor-widget elementor-widget-heading\" data-id=\"d977617\" data-element_type=\"widget\" data-e-type=\"widget\" data-widget_type=\"heading.default\">\n\t\t\t\t<div class=\"elementor-widget-container\">\n\t\t\t\t\t<h4 class=\"elementor-heading-title elementor-size-default\">Blonde d&#039;Aquitaine et Bleu Belge<\/h4>\t\t\t\t<\/div>\n\t\t\t\t<\/div>\n\t\t\t\t<div class=\"elementor-element elementor-element-7b17223 elementor-icon-list--layout-traditional elementor-list-item-link-full_width elementor-widget elementor-widget-icon-list\" data-id=\"7b17223\" data-element_type=\"widget\" data-e-type=\"widget\" data-widget_type=\"icon-list.default\">\n\t\t\t\t<div class=\"elementor-widget-container\">\n\t\t\t\t\t\t\t<ul class=\"elementor-icon-list-items\">\n\t\t\t\t\t\t\t<li class=\"elementor-icon-list-item\">\n\t\t\t\t\t\t\t\t\t\t\t<span class=\"elementor-icon-list-icon\">\n\t\t\t\t\t\t\t<i aria-hidden=\"true\" class=\"fas fa-circle\"><\/i>\t\t\t\t\t\t<\/span>\n\t\t\t\t\t\t\t\t\t\t<span class=\"elementor-icon-list-text\"><b>Stands 5410, 5411 et 5412 dans le hall 5<\/b><\/span>\n\t\t\t\t\t\t\t\t\t<\/li>\n\t\t\t\t\t\t<\/ul>\n\t\t\t\t\t\t<\/div>\n\t\t\t\t<\/div>\n\t\t\t\t<div class=\"elementor-element elementor-element-0174c97 elementor-widget elementor-widget-text-editor\" data-id=\"0174c97\" data-element_type=\"widget\" data-e-type=\"widget\" data-widget_type=\"text-editor.default\">\n\t\t\t\t<div class=\"elementor-widget-container\">\n\t\t\t\t\t\t\t\t\t<p>Compte tenu de la situation actuelle li\u00e9e \u00e0 l&#039;IBR, les organisateurs d&#039;Agridagen ont d\u00e9cid\u00e9 d&#039;annuler les concours bovins. Apr\u00e8s une \u00e9dition sans comp\u00e9tition, l&#039;enthousiasme des amateurs de saut d&#039;obstacles \u00e9tait encore plus vif. Cependant, en tant qu&#039;organisateur, nous privil\u00e9gions les int\u00e9r\u00eats du secteur\u00a0: nous souhaitons pr\u00e9server au maximum le travail de nos \u00e9leveurs.<\/p><p>On peut encore apercevoir des bovins \u00e0 trois enclos. Il s&#039;agit d&#039;animaux provenant d&#039;un m\u00eame troupeau, afin de minimiser les risques.<br \/>L&#039;entreprise d&#039;IA <strong>BBCIA<\/strong> et le pedigree de l&#039;impressionnant <strong>Bovins Blonde d&#039;Aquitaine (BDAV)<\/strong> \u00e9taient auparavant des invit\u00e9s \u00e0 Ravels. Le stud-book <strong>\u00c9leveurs de Bleu Belge<\/strong> est pr\u00e9sent pour la premi\u00e8re fois cette ann\u00e9e.<\/p>\t\t\t\t\t\t\t\t<\/div>\n\t\t\t\t<\/div>\n\t\t\t\t\t<\/div>\n\t\t<\/div>\n\t\t\t\t\t<\/div>\n\t\t<\/section>\n\t\t\t\t<section class=\"elementor-section elementor-top-section elementor-element elementor-element-bf5afb0 elementor-section-boxed elementor-section-height-default elementor-section-height-default\" data-id=\"bf5afb0\" data-element_type=\"section\" data-e-type=\"section\">\n\t\t\t\t\t\t<div class=\"elementor-container elementor-column-gap-wider\">\n\t\t\t\t\t<div class=\"elementor-column elementor-col-50 elementor-top-column elementor-element elementor-element-22334bc\" data-id=\"22334bc\" data-element_type=\"column\" data-e-type=\"column\">\n\t\t\t<div class=\"elementor-widget-wrap elementor-element-populated\">\n\t\t\t\t\t\t<div class=\"elementor-element elementor-element-61ff55f elementor-widget elementor-widget-heading\" data-id=\"61ff55f\" data-element_type=\"widget\" data-e-type=\"widget\" data-widget_type=\"heading.default\">\n\t\t\t\t<div class=\"elementor-widget-container\">\n\t\t\t\t\t<h4 class=\"elementor-heading-title elementor-size-default\">Spectacle hivernal ludique, Studbook belge du cheval miniature <\/h4>\t\t\t\t<\/div>\n\t\t\t\t<\/div>\n\t\t\t\t<div class=\"elementor-element elementor-element-5ab6e83 elementor-icon-list--layout-traditional elementor-list-item-link-full_width elementor-widget elementor-widget-icon-list\" data-id=\"5ab6e83\" data-element_type=\"widget\" data-e-type=\"widget\" data-widget_type=\"icon-list.default\">\n\t\t\t\t<div class=\"elementor-widget-container\">\n\t\t\t\t\t\t\t<ul class=\"elementor-icon-list-items\">\n\t\t\t\t\t\t\t<li class=\"elementor-icon-list-item\">\n\t\t\t\t\t\t\t\t\t\t\t<span class=\"elementor-icon-list-icon\">\n\t\t\t\t\t\t\t<i aria-hidden=\"true\" class=\"fas fa-circle\"><\/i>\t\t\t\t\t\t<\/span>\n\t\t\t\t\t\t\t\t\t\t<span class=\"elementor-icon-list-text\"><b>Dimanche 22 f\u00e9vrier - \u00e0 partir de 10h00 sous la tente du s\u00e9minaire<\/b><\/span>\n\t\t\t\t\t\t\t\t\t<\/li>\n\t\t\t\t\t\t<\/ul>\n\t\t\t\t\t\t<\/div>\n\t\t\t\t<\/div>\n\t\t\t\t<div class=\"elementor-element elementor-element-58f9d4e elementor-widget elementor-widget-text-editor\" data-id=\"58f9d4e\" data-element_type=\"widget\" data-e-type=\"widget\" data-widget_type=\"text-editor.default\">\n\t\t\t\t<div class=\"elementor-widget-container\">\n\t\t\t\t\t\t\t\t\t<p>Chaque ann\u00e9e, <strong>Studbook belge du cheval miniature<\/strong> Plusieurs comp\u00e9titions de chevaux miniatures. Ces comp\u00e9titions proposent diff\u00e9rentes \u00e9preuves qui mettent en valeur au mieux la diversit\u00e9 des chevaux miniatures.<br \/>Le Winter Fun Show est une comp\u00e9tition enti\u00e8rement d\u00e9di\u00e9e au plaisir des chevaux ! Afin de leur garantir une exp\u00e9rience agr\u00e9able, les chevaux ne doivent pas \u00eatre tondus. Dans d&#039;autres comp\u00e9titions, la tonte (compl\u00e8te) est obligatoire pour participer aux \u00e9preuves de qualit\u00e9, mais pour celle-ci, nous ne le faisons pas car les chevaux devraient alors passer le reste de l&#039;hiver sans leur protection naturelle : leur \u00e9pais pelage d&#039;hiver.<\/p>\t\t\t\t\t\t\t\t<\/div>\n\t\t\t\t<\/div>\n\t\t\t\t\t<\/div>\n\t\t<\/div>\n\t\t\t\t<div class=\"elementor-column elementor-col-50 elementor-top-column elementor-element elementor-element-a1d6fae\" data-id=\"a1d6fae\" data-element_type=\"column\" data-e-type=\"column\">\n\t\t\t<div class=\"elementor-widget-wrap elementor-element-populated\">\n\t\t\t\t\t\t<div class=\"elementor-element elementor-element-db90d9e elementor-widget elementor-widget-image\" data-id=\"db90d9e\" data-element_type=\"widget\" data-e-type=\"widget\" data-widget_type=\"image.default\">\n\t\t\t\t<div class=\"elementor-widget-container\">\n\t\t\t\t\t\t\t\t\t\t\t\t\t\t\t<img decoding=\"async\" src=\"https:\/\/www.agridagen.be\/wp-content\/uploads\/elementor\/thumbs\/sizedMINIATUURPAARDJES-8618-scaled-q0y3hryfognocb9vtqpckj4idcplbyajdfyo2jwpfw.jpg\" title=\"CHEVAUX MINIATURES de taille r\u00e9duite - 8618\" alt=\"sizedMINIATUURPAARDJES-8618\" loading=\"lazy\" \/>\t\t\t\t\t\t\t\t\t\t\t\t\t\t\t<\/div>\n\t\t\t\t<\/div>\n\t\t\t\t\t<\/div>\n\t\t<\/div>\n\t\t\t\t\t<\/div>\n\t\t<\/section>\n\t\t\t\t<\/div>","protected":false},"excerpt":{"rendered":"<p>Tout sur les animaux \u00e0 la foire. M\u00eame sans concours bovins, Agridagen continue de mettre l&#039;accent sur une exposition animale attrayante. Diverses associations et entreprises pr\u00e9sentent un m\u00e9lange fascinant d&#039;animaux de ferme professionnels et d&#039;animaux de loisir. Exposition d&#039;animaux de loisir. En continu dans le hall 5. Le Studbook belge du cheval miniature (BMP) organise une exposition de chevaux miniatures en plus du Winter Fun Show (dimanche). Petits ruminants\u2026 <a href=\"https:\/\/www.agridagen.be\/fr\/sponsor\/ravels-2\/\" class=\"more-link\">continuer la lecture<span class=\"screen-reader-text\"> \u00ab Ravels \u00bb<\/span><\/a><\/p>","protected":false},"author":2,"featured_media":0,"parent":0,"menu_order":0,"comment_status":"closed","ping_status":"closed","template":"elementor_header_footer","meta":{"_acf_changed":false,"inline_featured_image":false,"footnotes":""},"class_list":["post-9363","page","type-page","status-publish","hentry"],"acf":[],"yoast_head":"<!-- This site is optimized with the Yoast SEO plugin v27.4 - https:\/\/yoast.com\/product\/yoast-seo-wordpress\/ -->\n<title>Programma | Dieren - Agridagen<\/title>\n<meta name=\"robots\" content=\"index, follow, max-snippet:-1, max-image-preview:large, max-video-preview:-1\" \/>\n<link rel=\"canonical\" href=\"https:\/\/www.agridagen.be\/fr\/programma-dieren\/\" \/>\n<meta property=\"og:locale\" content=\"fr_FR\" \/>\n<meta property=\"og:type\" content=\"article\" \/>\n<meta property=\"og:title\" content=\"Programma | Dieren - Agridagen\" \/>\n<meta property=\"og:description\" content=\"Alles over dieren op de beurs Ook zonder rundveeprijskampen blijven de Agridagen inzetten op een aantrekkelijke dierententoonstelling. Verschillende verenigingen en bedrijven zorgen voor een boeiende mix van professionele landbouw- en hobbydieren. Dierententoonstelling hobbydieren Doorlopend in hal 5 Het Belgisch Stamboek voor het Miniatuurpaard (BMP) organiseert naast de Winterfunshow (zondag) ook een tentoonstelling van miniatuurpaardjes.Kleine Herkauwers &hellip; Continue reading &quot;Ravels&quot;\" \/>\n<meta property=\"og:url\" content=\"https:\/\/www.agridagen.be\/fr\/programma-dieren\/\" \/>\n<meta property=\"og:site_name\" content=\"Agridagen\" \/>\n<meta property=\"article:modified_time\" content=\"2026-02-17T09:43:52+00:00\" \/>\n<meta property=\"og:image\" content=\"https:\/\/www.agridagen.be\/wp-content\/uploads\/elementor\/thumbs\/Dierententoonstelling_3-scaled-riyaavt8t3po2xbay2q1ob40oeeav0zopmiq7nenyk.jpg\" \/>\n<meta name=\"twitter:card\" content=\"summary_large_image\" \/>\n<meta name=\"twitter:label1\" content=\"Dur\u00e9e de lecture est.\" \/>\n\t<meta name=\"twitter:data1\" content=\"3 minutes\" \/>\n<script type=\"application\/ld+json\" class=\"yoast-schema-graph\">{\"@context\":\"https:\\\/\\\/schema.org\",\"@graph\":[{\"@type\":\"WebPage\",\"@id\":\"https:\\\/\\\/www.agridagen.be\\\/programma-dieren\\\/\",\"url\":\"https:\\\/\\\/www.agridagen.be\\\/programma-dieren\\\/\",\"name\":\"Programma | Dieren - Agridagen\",\"isPartOf\":{\"@id\":\"https:\\\/\\\/www.agridagen.be\\\/nl\\\/#website\"},\"primaryImageOfPage\":{\"@id\":\"https:\\\/\\\/www.agridagen.be\\\/programma-dieren\\\/#primaryimage\"},\"image\":{\"@id\":\"https:\\\/\\\/www.agridagen.be\\\/programma-dieren\\\/#primaryimage\"},\"thumbnailUrl\":\"https:\\\/\\\/www.agridagen.be\\\/wp-content\\\/uploads\\\/elementor\\\/thumbs\\\/Dierententoonstelling_3-scaled-riyaavt8t3po2xbay2q1ob40oeeav0zopmiq7nenyk.jpg\",\"datePublished\":\"2026-02-16T17:58:29+00:00\",\"dateModified\":\"2026-02-17T09:43:52+00:00\",\"breadcrumb\":{\"@id\":\"https:\\\/\\\/www.agridagen.be\\\/programma-dieren\\\/#breadcrumb\"},\"inLanguage\":\"fr-BE\",\"potentialAction\":[{\"@type\":\"ReadAction\",\"target\":[\"https:\\\/\\\/www.agridagen.be\\\/programma-dieren\\\/\"]}]},{\"@type\":\"ImageObject\",\"inLanguage\":\"fr-BE\",\"@id\":\"https:\\\/\\\/www.agridagen.be\\\/programma-dieren\\\/#primaryimage\",\"url\":\"https:\\\/\\\/www.agridagen.be\\\/wp-content\\\/uploads\\\/elementor\\\/thumbs\\\/Dierententoonstelling_3-scaled-riyaavt8t3po2xbay2q1ob40oeeav0zopmiq7nenyk.jpg\",\"contentUrl\":\"https:\\\/\\\/www.agridagen.be\\\/wp-content\\\/uploads\\\/elementor\\\/thumbs\\\/Dierententoonstelling_3-scaled-riyaavt8t3po2xbay2q1ob40oeeav0zopmiq7nenyk.jpg\"},{\"@type\":\"BreadcrumbList\",\"@id\":\"https:\\\/\\\/www.agridagen.be\\\/programma-dieren\\\/#breadcrumb\",\"itemListElement\":[{\"@type\":\"ListItem\",\"position\":1,\"name\":\"Home\",\"item\":\"https:\\\/\\\/www.agridagen.be\\\/\"},{\"@type\":\"ListItem\",\"position\":2,\"name\":\"Programma | Dieren\"}]},{\"@type\":\"WebSite\",\"@id\":\"https:\\\/\\\/www.agridagen.be\\\/nl\\\/#website\",\"url\":\"https:\\\/\\\/www.agridagen.be\\\/nl\\\/\",\"name\":\"Agridagen\",\"description\":\"Vakbeurs voor intensieve veeteelt en mechanisatie op erfniveau\",\"potentialAction\":[{\"@type\":\"SearchAction\",\"target\":{\"@type\":\"EntryPoint\",\"urlTemplate\":\"https:\\\/\\\/www.agridagen.be\\\/nl\\\/?s={search_term_string}\"},\"query-input\":{\"@type\":\"PropertyValueSpecification\",\"valueRequired\":true,\"valueName\":\"search_term_string\"}}],\"inLanguage\":\"fr-BE\"}]}<\/script>\n<!-- \/ Yoast SEO plugin. -->","yoast_head_json":{"title":"Programma | Dieren - Agridagen","robots":{"index":"index","follow":"follow","max-snippet":"max-snippet:-1","max-image-preview":"max-image-preview:large","max-video-preview":"max-video-preview:-1"},"canonical":"https:\/\/www.agridagen.be\/fr\/programma-dieren\/","og_locale":"fr_FR","og_type":"article","og_title":"Programma | Dieren - Agridagen","og_description":"Alles over dieren op de beurs Ook zonder rundveeprijskampen blijven de Agridagen inzetten op een aantrekkelijke dierententoonstelling. Verschillende verenigingen en bedrijven zorgen voor een boeiende mix van professionele landbouw- en hobbydieren. Dierententoonstelling hobbydieren Doorlopend in hal 5 Het Belgisch Stamboek voor het Miniatuurpaard (BMP) organiseert naast de Winterfunshow (zondag) ook een tentoonstelling van miniatuurpaardjes.Kleine Herkauwers &hellip; Continue reading \"Ravels\"","og_url":"https:\/\/www.agridagen.be\/fr\/programma-dieren\/","og_site_name":"Agridagen","article_modified_time":"2026-02-17T09:43:52+00:00","og_image":[{"url":"https:\/\/www.agridagen.be\/wp-content\/uploads\/elementor\/thumbs\/Dierententoonstelling_3-scaled-riyaavt8t3po2xbay2q1ob40oeeav0zopmiq7nenyk.jpg","type":"","width":"","height":""}],"twitter_card":"summary_large_image","twitter_misc":{"Dur\u00e9e de lecture est.":"3 minutes"},"schema":{"@context":"https:\/\/schema.org","@graph":[{"@type":"WebPage","@id":"https:\/\/www.agridagen.be\/programma-dieren\/","url":"https:\/\/www.agridagen.be\/programma-dieren\/","name":"Programma | Dieren - Agridagen","isPartOf":{"@id":"https:\/\/www.agridagen.be\/nl\/#website"},"primaryImageOfPage":{"@id":"https:\/\/www.agridagen.be\/programma-dieren\/#primaryimage"},"image":{"@id":"https:\/\/www.agridagen.be\/programma-dieren\/#primaryimage"},"thumbnailUrl":"https:\/\/www.agridagen.be\/wp-content\/uploads\/elementor\/thumbs\/Dierententoonstelling_3-scaled-riyaavt8t3po2xbay2q1ob40oeeav0zopmiq7nenyk.jpg","datePublished":"2026-02-16T17:58:29+00:00","dateModified":"2026-02-17T09:43:52+00:00","breadcrumb":{"@id":"https:\/\/www.agridagen.be\/programma-dieren\/#breadcrumb"},"inLanguage":"fr-BE","potentialAction":[{"@type":"ReadAction","target":["https:\/\/www.agridagen.be\/programma-dieren\/"]}]},{"@type":"ImageObject","inLanguage":"fr-BE","@id":"https:\/\/www.agridagen.be\/programma-dieren\/#primaryimage","url":"https:\/\/www.agridagen.be\/wp-content\/uploads\/elementor\/thumbs\/Dierententoonstelling_3-scaled-riyaavt8t3po2xbay2q1ob40oeeav0zopmiq7nenyk.jpg","contentUrl":"https:\/\/www.agridagen.be\/wp-content\/uploads\/elementor\/thumbs\/Dierententoonstelling_3-scaled-riyaavt8t3po2xbay2q1ob40oeeav0zopmiq7nenyk.jpg"},{"@type":"BreadcrumbList","@id":"https:\/\/www.agridagen.be\/programma-dieren\/#breadcrumb","itemListElement":[{"@type":"ListItem","position":1,"name":"Home","item":"https:\/\/www.agridagen.be\/"},{"@type":"ListItem","position":2,"name":"Programma | Dieren"}]},{"@type":"WebSite","@id":"https:\/\/www.agridagen.be\/nl\/#website","url":"https:\/\/www.agridagen.be\/nl\/","name":"Agridagen","description":"Salon de l&#039;\u00e9levage intensif et de la m\u00e9canisation \u00e0 la ferme","potentialAction":[{"@type":"SearchAction","target":{"@type":"EntryPoint","urlTemplate":"https:\/\/www.agridagen.be\/nl\/?s={search_term_string}"},"query-input":{"@type":"PropertyValueSpecification","valueRequired":true,"valueName":"search_term_string"}}],"inLanguage":"fr-BE"}]}},"_links":{"self":[{"href":"https:\/\/www.agridagen.be\/fr\/wp-json\/wp\/v2\/pages\/9363","targetHints":{"allow":["GET"]}}],"collection":[{"href":"https:\/\/www.agridagen.be\/fr\/wp-json\/wp\/v2\/pages"}],"about":[{"href":"https:\/\/www.agridagen.be\/fr\/wp-json\/wp\/v2\/types\/page"}],"author":[{"embeddable":true,"href":"https:\/\/www.agridagen.be\/fr\/wp-json\/wp\/v2\/users\/2"}],"replies":[{"embeddable":true,"href":"https:\/\/www.agridagen.be\/fr\/wp-json\/wp\/v2\/comments?post=9363"}],"version-history":[{"count":12,"href":"https:\/\/www.agridagen.be\/fr\/wp-json\/wp\/v2\/pages\/9363\/revisions"}],"predecessor-version":[{"id":9379,"href":"https:\/\/www.agridagen.be\/fr\/wp-json\/wp\/v2\/pages\/9363\/revisions\/9379"}],"wp:attachment":[{"href":"https:\/\/www.agridagen.be\/fr\/wp-json\/wp\/v2\/media?parent=9363"}],"curies":[{"name":"wp","href":"https:\/\/api.w.org\/{rel}","templated":true}]}}